{"id":123,"date":"2023-05-25T15:25:23","date_gmt":"2023-05-25T18:25:23","guid":{"rendered":"https:\/\/linkstrategy.com.br\/?page_id=123"},"modified":"2023-05-25T15:30:35","modified_gmt":"2023-05-25T18:30:35","slug":"termos-de-uso","status":"publish","type":"page","link":"https:\/\/linkstrategy.com.br\/en\/termos-de-uso\/","title":{"rendered":"Terms of Use"},"content":{"rendered":"<div data-elementor-type=\"wp-page\" data-elementor-id=\"123\" class=\"elementor elementor-123\" data-elementor-post-type=\"page\">\n\t\t\t\t\t\t<section class=\"elementor-section elementor-top-section elementor-element elementor-element-42ce134 elementor-section-boxed elementor-section-height-default elementor-section-height-default\" data-id=\"42ce134\" data-element_type=\"section\">\n\t\t\t\t\t\t<div class=\"elementor-container elementor-column-gap-default\">\n\t\t\t\t\t<div class=\"elementor-column elementor-col-100 elementor-top-column elementor-element elementor-element-043b1a1\" data-id=\"043b1a1\" data-element_type=\"column\">\n\t\t\t<div class=\"elementor-widget-wrap elementor-element-populated\">\n\t\t\t\t\t\t<div class=\"elementor-element elementor-element-464be74 elementor-widget elementor-widget-text-editor\" data-id=\"464be74\" data-element_type=\"widget\" data-widget_type=\"text-editor.default\">\n\t\t\t\t<div class=\"elementor-widget-container\">\n\t\t\t\t\t\t\t\t\t<h3><span style=\"color: inherit; font-family: inherit; font-size: 1.75rem;\">TERMS OF USE \u2014 Link Strategy<\/span><br><\/h3>\n<p> Link Strategy, a private legal entity, describes, through this document, the rules for using the website and any other website, store or application operated by the owner.<\/p>\n<p>By browsing this website, we consider that you agree to the Terms of Use below.<\/p>\n<p>If you do not agree with the terms of this contract, we ask that you no longer use this website, much less register or send your personal data.<\/p>\n<p>If we modify our Terms of Use, we will post the new text on this website with the updated revision date. We may modify this document at any time. If there is a significant change to the terms of this agreement, we may notify you through the contact information we have in our database or through notifications.<\/p>\n<p>Using this website after the changes means you accept the revised Terms of Use. If, after reading the revised version, you do not agree with its terms, please terminate your access.<\/p>\n<ul>\n<li>\n<h4>Section 1 \u2013 User<\/h4>\n<p>The use of this website automatically attributes the condition of User and implies full acceptance of all guidelines and conditions included in these Terms.<\/p>\n<\/li>\n<li>\n<h4>Section 2 \u2013 Adherence in conjunction with the Privacy Policy<\/h4>\n<p>Use of this website constitutes acceptance of these Terms of Use and the most up-to-date version of Link Strategy&#039;s Privacy Policy.<\/p>\n<\/li>\n<li>\n<h4>Section 3 \u2013 Conditions of access<\/h4>\n<p>In general, access to the Link Strategy website is free and does not require prior registration or subscription.<\/p>\n<p>However, to enjoy some features, the user may need to register, creating a user account with their own login and password for access.<\/p>\n<p>It is the user&#039;s sole responsibility to provide only correct, authentic, valid, complete and up-to-date information, as well as not to disclose their login and password to third parties.<\/p>\n<p>Parts of this website offer users the option to post comments in certain areas. Link Strategy does not allow the publication of content that is discriminatory, offensive, or illegal, or that infringes copyright or any other third-party rights.<\/p>\n<p>The publication of any content by the user of this website, including messages and comments, implies a non-exclusive, irrevocable and irrevocable license for its use, reproduction and publication by Link Strategy on its website, internet platforms and applications, or on other platforms, without any restriction or limitation.<\/p>\n<\/li>\n<li>\n<h4>Section 4 \u2013 Cookies<\/h4>\n<p>Information about your use of this website may be collected through cookies. Cookies are pieces of information stored directly on the computer you are using. Cookies allow us to collect information such as your browser type, time spent on the website, pages visited, language preferences, and other anonymous traffic data. We and our service providers use this information for security purposes, to facilitate navigation, display information more efficiently, and personalize your experience using this website, as well as for online tracking. We also collect statistical information about website usage to continually improve our design and functionality, to understand how the website is used, and to assist you with relevant issues.<\/p>\n<p>If you do not wish for your information to be collected through cookies, there is a simple procedure in most browsers that allows you to automatically reject cookies, or gives you the option to accept or reject the transfer of a specific cookie (or cookies) from a given website to your computer. However, this may cause inconvenience when using the website.<\/p>\n<p>The settings you choose may affect your browsing experience and the functionality that requires the use of cookies. Therefore, we decline any responsibility for the consequences resulting from the limited functionality of this website caused by disabling cookies on your device (inability to set or read a cookie).<\/p>\n<\/li>\n<li>\n<h4>Section 5 \u2013 Intellectual Property<\/h4>\n<p>All elements of Link Strategy are the intellectual property of Link Strategy or its licensors. These Terms and Conditions, or your use of the website, do not grant you any license or right to use the intellectual property rights of Link Strategy or any third party.<\/p>\n<\/li>\n<li>\n<h4>Section 6 \u2013 Links to Third Party Sites<\/h4>\n<p>This website may, from time to time, contain hypertext links that will redirect you to websites of our partner networks, advertisers, suppliers, etc. If you click on one of these links to any of these sites, please remember that each site has its own privacy practices and that we are not responsible for these policies. Please review these policies before submitting any Personal Data to these sites.<\/p>\n<p>We are not responsible for the collection, use, and disclosure policies and practices (including data protection practices) of other organizations, such as Facebook, Apple, Google, Microsoft, or any other software developer or app provider, social media store, operating system, wireless internet service provider, or device manufacturer, including any Personal Data you disclose to other organizations through the apps, in connection with such apps, or posted on our social media pages. We recommend that you read the privacy policy and terms of use of each website you visit or each service provider you use.<\/p>\n<\/li>\n<li>\n<h4>Section 7 \u2013 Deadlines and Amendments<\/h4>\n<p>This website will operate for an indefinite period.<\/p>\n<p>The website as a whole or in each of its sections may be terminated, suspended or interrupted unilaterally by Link Strategy, at any time and without prior notice.<\/p>\n<\/li>\n<li>\n<h4>Section 8 \u2013 Personal Data<\/h4>\n<p>When using this website, certain personal data will be collected and processed by Link Strategy and\/or its Partners. The rules regarding the processing of personal data by Link Strategy are set forth in the Privacy Policy.<\/p>\n<\/li>\n<li>\n<h4>Section 9 \u2013 Contact<\/h4>\n<p>If you have any questions about the Terms of Use, please contact us by email at andreza.sp@hotmail.com.<\/p>\n<\/li>\n<\/ul>\t\t\t\t\t\t\t\t<\/div>\n\t\t\t\t<\/div>\n\t\t\t\t\t<\/div>\n\t\t<\/div>\n\t\t\t\t\t<\/div>\n\t\t<\/section>\n\t\t\t\t<\/div>","protected":false},"excerpt":{"rendered":"<p>TERMOS DE USO \u2014 , pessoa jur\u00eddica de direito privado descreve, atrav\u00e9s deste documento, as regras de uso do site&nbsp; e qualquer outro site, loja ou aplicativo operado pelo propriet\u00e1rio. Ao navegar neste website, consideramos que voc\u00ea est\u00e1 de acordo com os Termos de Uso abaixo. Caso voc\u00ea n\u00e3o esteja de acordo com as condi\u00e7\u00f5es [&hellip;]<\/p>","protected":false},"author":1,"featured_media":0,"parent":0,"menu_order":0,"comment_status":"closed","ping_status":"closed","template":"","meta":{"_acf_changed":false,"_joinchat":[],"footnotes":""},"class_list":["post-123","page","type-page","status-publish","hentry"],"acf":[],"yoast_head":"<!-- This site is optimized with the Yoast SEO plugin v26.1.1 - https:\/\/yoast.com\/wordpress\/plugins\/seo\/ -->\n<title>Termos de uso - Link Strategy<\/title>\n<meta name=\"robots\" content=\"index, follow, max-snippet:-1, max-image-preview:large, max-video-preview:-1\" \/>\n<link rel=\"canonical\" href=\"https:\/\/linkstrategy.com.br\/en\/wp-json\/wp\/v2\/pages\/123\" \/>\n<meta property=\"og:locale\" content=\"en_US\" \/>\n<meta property=\"og:type\" content=\"article\" \/>\n<meta property=\"og:title\" content=\"Termos de uso - Link Strategy\" \/>\n<meta property=\"og:description\" content=\"TERMOS DE USO \u2014 , pessoa jur\u00eddica de direito privado descreve, atrav\u00e9s deste documento, as regras de uso do site&nbsp; e qualquer outro site, loja ou aplicativo operado pelo propriet\u00e1rio. Ao navegar neste website, consideramos que voc\u00ea est\u00e1 de acordo com os Termos de Uso abaixo. Caso voc\u00ea n\u00e3o esteja de acordo com as condi\u00e7\u00f5es [&hellip;]\" \/>\n<meta property=\"og:url\" content=\"https:\/\/linkstrategy.com.br\/en\/termos-de-uso\/\" \/>\n<meta property=\"og:site_name\" content=\"Link Strategy\" \/>\n<meta property=\"article:modified_time\" content=\"2023-05-25T18:30:35+00:00\" \/>\n<meta name=\"twitter:card\" content=\"summary_large_image\" \/>\n<meta name=\"twitter:label1\" content=\"Est. reading time\" \/>\n\t<meta name=\"twitter:data1\" content=\"6 minutes\" \/>\n<script type=\"application\/ld+json\" class=\"yoast-schema-graph\">{\"@context\":\"https:\/\/schema.org\",\"@graph\":[{\"@type\":\"WebPage\",\"@id\":\"https:\/\/linkstrategy.com.br\/termos-de-uso\/\",\"url\":\"https:\/\/linkstrategy.com.br\/termos-de-uso\/\",\"name\":\"Termos de uso - Link Strategy\",\"isPartOf\":{\"@id\":\"https:\/\/linkstrategy.com.br\/en\/#website\"},\"datePublished\":\"2023-05-25T18:25:23+00:00\",\"dateModified\":\"2023-05-25T18:30:35+00:00\",\"breadcrumb\":{\"@id\":\"https:\/\/linkstrategy.com.br\/termos-de-uso\/#breadcrumb\"},\"inLanguage\":\"en-US\",\"potentialAction\":[{\"@type\":\"ReadAction\",\"target\":[\"https:\/\/linkstrategy.com.br\/termos-de-uso\/\"]}]},{\"@type\":\"BreadcrumbList\",\"@id\":\"https:\/\/linkstrategy.com.br\/termos-de-uso\/#breadcrumb\",\"itemListElement\":[{\"@type\":\"ListItem\",\"position\":1,\"name\":\"In\u00edcio\",\"item\":\"https:\/\/linkstrategy.com.br\/\"},{\"@type\":\"ListItem\",\"position\":2,\"name\":\"Termos de uso\"}]},{\"@type\":\"WebSite\",\"@id\":\"https:\/\/linkstrategy.com.br\/en\/#website\",\"url\":\"https:\/\/linkstrategy.com.br\/en\/\",\"name\":\"Link Strategy\",\"description\":\"Boutique de gest\u00e3o, M&amp;A e integra\u00e7\u00e3o. A Link Strategy analisa, planeja e implementa solu\u00e7\u00f5es customizadas que adicionam valor em todos os est\u00e1gios do seu projeto.\",\"publisher\":{\"@id\":\"https:\/\/linkstrategy.com.br\/en\/#organization\"},\"potentialAction\":[{\"@type\":\"SearchAction\",\"target\":{\"@type\":\"EntryPoint\",\"urlTemplate\":\"https:\/\/linkstrategy.com.br\/en\/?s={search_term_string}\"},\"query-input\":{\"@type\":\"PropertyValueSpecification\",\"valueRequired\":true,\"valueName\":\"search_term_string\"}}],\"inLanguage\":\"en-US\"},{\"@type\":\"Organization\",\"@id\":\"https:\/\/linkstrategy.com.br\/en\/#organization\",\"name\":\"Link Strategy\",\"url\":\"https:\/\/linkstrategy.com.br\/en\/\",\"logo\":{\"@type\":\"ImageObject\",\"inLanguage\":\"en-US\",\"@id\":\"https:\/\/linkstrategy.com.br\/en\/#\/schema\/logo\/image\/\",\"url\":\"https:\/\/linkstrategy.com.br\/wp-content\/uploads\/2023\/05\/ASSINATURA-PRINCIPAL-HORIZONTAL-BRANCA.svg\",\"contentUrl\":\"https:\/\/linkstrategy.com.br\/wp-content\/uploads\/2023\/05\/ASSINATURA-PRINCIPAL-HORIZONTAL-BRANCA.svg\",\"width\":1313,\"height\":250,\"caption\":\"Link Strategy\"},\"image\":{\"@id\":\"https:\/\/linkstrategy.com.br\/en\/#\/schema\/logo\/image\/\"}}]}<\/script>\n<!-- \/ Yoast SEO plugin. -->","yoast_head_json":{"title":"Termos de uso - Link Strategy","robots":{"index":"index","follow":"follow","max-snippet":"max-snippet:-1","max-image-preview":"max-image-preview:large","max-video-preview":"max-video-preview:-1"},"canonical":"https:\/\/linkstrategy.com.br\/en\/wp-json\/wp\/v2\/pages\/123","og_locale":"en_US","og_type":"article","og_title":"Termos de uso - Link Strategy","og_description":"TERMOS DE USO \u2014 , pessoa jur\u00eddica de direito privado descreve, atrav\u00e9s deste documento, as regras de uso do site&nbsp; e qualquer outro site, loja ou aplicativo operado pelo propriet\u00e1rio. Ao navegar neste website, consideramos que voc\u00ea est\u00e1 de acordo com os Termos de Uso abaixo. Caso voc\u00ea n\u00e3o esteja de acordo com as condi\u00e7\u00f5es [&hellip;]","og_url":"https:\/\/linkstrategy.com.br\/en\/termos-de-uso\/","og_site_name":"Link Strategy","article_modified_time":"2023-05-25T18:30:35+00:00","twitter_card":"summary_large_image","twitter_misc":{"Est. reading time":"6 minutes"},"schema":{"@context":"https:\/\/schema.org","@graph":[{"@type":"WebPage","@id":"https:\/\/linkstrategy.com.br\/termos-de-uso\/","url":"https:\/\/linkstrategy.com.br\/termos-de-uso\/","name":"Termos de uso - Link Strategy","isPartOf":{"@id":"https:\/\/linkstrategy.com.br\/en\/#website"},"datePublished":"2023-05-25T18:25:23+00:00","dateModified":"2023-05-25T18:30:35+00:00","breadcrumb":{"@id":"https:\/\/linkstrategy.com.br\/termos-de-uso\/#breadcrumb"},"inLanguage":"en-US","potentialAction":[{"@type":"ReadAction","target":["https:\/\/linkstrategy.com.br\/termos-de-uso\/"]}]},{"@type":"BreadcrumbList","@id":"https:\/\/linkstrategy.com.br\/termos-de-uso\/#breadcrumb","itemListElement":[{"@type":"ListItem","position":1,"name":"In\u00edcio","item":"https:\/\/linkstrategy.com.br\/"},{"@type":"ListItem","position":2,"name":"Termos de uso"}]},{"@type":"WebSite","@id":"https:\/\/linkstrategy.com.br\/en\/#website","url":"https:\/\/linkstrategy.com.br\/en\/","name":"Link Strategy","description":"Boutique de gest\u00e3o, M&amp;A e integra\u00e7\u00e3o. A Link Strategy analisa, planeja e implementa solu\u00e7\u00f5es customizadas que adicionam valor em todos os est\u00e1gios do seu projeto.","publisher":{"@id":"https:\/\/linkstrategy.com.br\/en\/#organization"},"potentialAction":[{"@type":"SearchAction","target":{"@type":"EntryPoint","urlTemplate":"https:\/\/linkstrategy.com.br\/en\/?s={search_term_string}"},"query-input":{"@type":"PropertyValueSpecification","valueRequired":true,"valueName":"search_term_string"}}],"inLanguage":"en-US"},{"@type":"Organization","@id":"https:\/\/linkstrategy.com.br\/en\/#organization","name":"Link Strategy","url":"https:\/\/linkstrategy.com.br\/en\/","logo":{"@type":"ImageObject","inLanguage":"en-US","@id":"https:\/\/linkstrategy.com.br\/en\/#\/schema\/logo\/image\/","url":"https:\/\/linkstrategy.com.br\/wp-content\/uploads\/2023\/05\/ASSINATURA-PRINCIPAL-HORIZONTAL-BRANCA.svg","contentUrl":"https:\/\/linkstrategy.com.br\/wp-content\/uploads\/2023\/05\/ASSINATURA-PRINCIPAL-HORIZONTAL-BRANCA.svg","width":1313,"height":250,"caption":"Link Strategy"},"image":{"@id":"https:\/\/linkstrategy.com.br\/en\/#\/schema\/logo\/image\/"}}]}},"_links":{"self":[{"href":"https:\/\/linkstrategy.com.br\/en\/wp-json\/wp\/v2\/pages\/123","targetHints":{"allow":["GET"]}}],"collection":[{"href":"https:\/\/linkstrategy.com.br\/en\/wp-json\/wp\/v2\/pages"}],"about":[{"href":"https:\/\/linkstrategy.com.br\/en\/wp-json\/wp\/v2\/types\/page"}],"author":[{"embeddable":true,"href":"https:\/\/linkstrategy.com.br\/en\/wp-json\/wp\/v2\/users\/1"}],"replies":[{"embeddable":true,"href":"https:\/\/linkstrategy.com.br\/en\/wp-json\/wp\/v2\/comments?post=123"}],"version-history":[{"count":4,"href":"https:\/\/linkstrategy.com.br\/en\/wp-json\/wp\/v2\/pages\/123\/revisions"}],"predecessor-version":[{"id":131,"href":"https:\/\/linkstrategy.com.br\/en\/wp-json\/wp\/v2\/pages\/123\/revisions\/131"}],"wp:attachment":[{"href":"https:\/\/linkstrategy.com.br\/en\/wp-json\/wp\/v2\/media?parent=123"}],"curies":[{"name":"wp","href":"https:\/\/api.w.org\/{rel}","templated":true}]}}